{"id":9802,"date":"2026-02-13T12:42:39","date_gmt":"2026-02-13T11:42:39","guid":{"rendered":"https:\/\/vivaipanconi.it\/?page_id=9802"},"modified":"2026-02-13T12:51:29","modified_gmt":"2026-02-13T11:51:29","slug":"curiosity-2","status":"publish","type":"page","link":"https:\/\/vivaipanconi.it\/en\/curiosita-2\/","title":{"rendered":"CURIOSITY"},"content":{"rendered":"<div data-elementor-type=\"wp-page\" data-elementor-id=\"9802\" class=\"elementor elementor-9802\">\n\t\t\t\t<div class=\"elementor-element elementor-element-1a275cc e-con-full e-flex e-con e-parent\" data-id=\"1a275cc\" data-element_type=\"container\" data-e-type=\"container\">\n\t\t\t\t<div class=\"elementor-element elementor-element-891e443 elementor-widget elementor-widget-spacer\" data-id=\"891e443\" data-element_type=\"widget\" data-e-type=\"widget\" data-widget_type=\"spacer.default\">\n\t\t\t\t\t\t\t<div class=\"elementor-spacer\">\n\t\t\t<div class=\"elementor-spacer-inner\"><\/div>\n\t\t<\/div>\n\t\t\t\t\t\t<\/div>\n\t\t\n\n\n\n\n\n\n\n\n\n\n\n\n\n\n\t\t<div class=\"elementor-element elementor-element-b9fb9f7 elementor-widget elementor-widget-xa-blog-widget\" data-id=\"b9fb9f7\" data-element_type=\"widget\" data-e-type=\"widget\" data-widget_type=\"xa-blog-widget.default\">\n\t\t\t\t<div class=\"elementor-widget-container\">\n\t\t\t\t\t<div class=\"row xa-wrapper\">            <div class=\"col-xl-4 col-lg-6 col-md-6 col-12 xa-wrapper\">\r\n                <div class=\"blog__item sticky\">\r\n                    <div class=\"xa-blog-single\">\r\n                                                    <div class=\"xa-blog-single__thumb\">\r\n                                <a href=\"https:\/\/vivaipanconi.it\/en\/transform-yard-with-expert-landscape-design-services\/\">\r\n                                    <img decoding=\"async\" src=\"https:\/\/vivaipanconi.it\/wp-content\/uploads\/2025\/12\/magnolia-1024x683.jpg\" alt=\"Why is Magnolia called\u2026Magnolia?\">\r\n                                <\/a>\r\n                            <\/div>\r\n                                                <div class=\"xa-blog-single__body\">\r\n                            <span class=\"xa-blog-single__date\">1 June 2025<\/span>\r\n                            <h4 class=\"xa-blog-single__title\"><a href=\"https:\/\/vivaipanconi.it\/en\/transform-yard-with-expert-landscape-design-services\/\">Why is Magnolia called\u2026Magnolia?<\/a><\/h4>\r\n                            <p class=\"xa-blog-single__text\">The magnolia is one of the world's most beloved ornamental plants, a symbol of elegance, longevity, and timeless beauty. But few know its history.<\/p>\r\n                            <div class=\"xa-blog-single__btn\">\r\n                                <a href=\"https:\/\/vivaipanconi.it\/en\/transform-yard-with-expert-landscape-design-services\/\"><i class=\"icofont-arrow-right\"><\/i>Read More<\/a>\r\n                            <\/div>\r\n                        <\/div>\r\n                    <\/div>\r\n                <\/div>\r\n            <\/div>\r\n                    <div class=\"col-xl-4 col-lg-6 col-md-6 col-12 xa-wrapper\">\r\n                <div class=\"blog__item sticky\">\r\n                    <div class=\"xa-blog-single\">\r\n                                                    <div class=\"xa-blog-single__thumb\">\r\n                                <a href=\"https:\/\/vivaipanconi.it\/en\/perche-la-magnolia-grandiflora-si-chiama-gallissoniensis\/\">\r\n                                    <img decoding=\"async\" src=\"https:\/\/vivaipanconi.it\/wp-content\/uploads\/2025\/12\/Magnolia-grandiflora.webp\" alt=\"Why is Magnolia Grandiflora called \u201cGallissoniensis\u201d?\">\r\n                                <\/a>\r\n                            <\/div>\r\n                                                <div class=\"xa-blog-single__body\">\r\n                            <span class=\"xa-blog-single__date\">15 May 2025<\/span>\r\n                            <h4 class=\"xa-blog-single__title\"><a href=\"https:\/\/vivaipanconi.it\/en\/perche-la-magnolia-grandiflora-si-chiama-gallissoniensis\/\">Why is Magnolia Grandiflora called \"Gallissoniensis\"?<\/a><\/h4>\r\n                            <p class=\"xa-blog-single__text\">The name Gallissoniensis that accompanies one of the most well-known cultivars of Magnolia grandiflora is not accidental: it is a tribute to a fundamental historical figure<\/p>\r\n                            <div class=\"xa-blog-single__btn\">\r\n                                <a href=\"https:\/\/vivaipanconi.it\/en\/perche-la-magnolia-grandiflora-si-chiama-gallissoniensis\/\"><i class=\"icofont-arrow-right\"><\/i>Read More<\/a>\r\n                            <\/div>\r\n                        <\/div>\r\n                    <\/div>\r\n                <\/div>\r\n            <\/div>\r\n                    <div class=\"col-xl-4 col-lg-6 col-md-6 col-12 xa-wrapper\">\r\n                <div class=\"blog__item sticky\">\r\n                    <div class=\"xa-blog-single\">\r\n                                                    <div class=\"xa-blog-single__thumb\">\r\n                                <a href=\"https:\/\/vivaipanconi.it\/en\/buona-la-magnolia\/\">\r\n                                    <img decoding=\"async\" src=\"https:\/\/vivaipanconi.it\/wp-content\/uploads\/2025\/10\/Petali-di-Magnolia-fritti-1024x769.jpg\" alt=\"Good Magnolia!\">\r\n                                <\/a>\r\n                            <\/div>\r\n                                                <div class=\"xa-blog-single__body\">\r\n                            <span class=\"xa-blog-single__date\">5 April 2025<\/span>\r\n                            <h4 class=\"xa-blog-single__title\"><a href=\"https:\/\/vivaipanconi.it\/en\/buona-la-magnolia\/\">Good Magnolia!<\/a><\/h4>\r\n                            <p class=\"xa-blog-single__text\">The petals of the Magnolia grandiflora are edible: properties, uses and a recipe to try The Magnolia grandiflora is not only an ornamental plant of<\/p>\r\n                            <div class=\"xa-blog-single__btn\">\r\n                                <a href=\"https:\/\/vivaipanconi.it\/en\/buona-la-magnolia\/\"><i class=\"icofont-arrow-right\"><\/i>Read More<\/a>\r\n                            <\/div>\r\n                        <\/div>\r\n                    <\/div>\r\n                <\/div>\r\n            <\/div>\r\n                    <div class=\"col-xl-4 col-lg-6 col-md-6 col-12 xa-wrapper\">\r\n                <div class=\"blog__item sticky\">\r\n                    <div class=\"xa-blog-single\">\r\n                                                    <div class=\"xa-blog-single__thumb\">\r\n                                <a href=\"https:\/\/vivaipanconi.it\/en\/non-si-butta-via-niente\/\">\r\n                                    <img decoding=\"async\" src=\"https:\/\/vivaipanconi.it\/wp-content\/uploads\/2025\/03\/uomini-kimono-che-tengono-le-spade-vista-frontale-1024x683.jpg\" alt=\"Nothing is thrown away!\">\r\n                                <\/a>\r\n                            <\/div>\r\n                                                <div class=\"xa-blog-single__body\">\r\n                            <span class=\"xa-blog-single__date\">2 March 2025<\/span>\r\n                            <h4 class=\"xa-blog-single__title\"><a href=\"https:\/\/vivaipanconi.it\/en\/non-si-butta-via-niente\/\">Nothing is thrown away!<\/a><\/h4>\r\n                            <p class=\"xa-blog-single__text\">The wood of Magnolia Grandiflora Gallissoniensis: a precious and surprising material When we talk about Magnolia grandiflora Gallissoniensis we immediately think of its beauty<\/p>\r\n                            <div class=\"xa-blog-single__btn\">\r\n                                <a href=\"https:\/\/vivaipanconi.it\/en\/non-si-butta-via-niente\/\"><i class=\"icofont-arrow-right\"><\/i>Read More<\/a>\r\n                            <\/div>\r\n                        <\/div>\r\n                    <\/div>\r\n                <\/div>\r\n            <\/div>\r\n                    <div class=\"col-xl-4 col-lg-6 col-md-6 col-12 xa-wrapper\">\r\n                <div class=\"blog__item sticky\">\r\n                    <div class=\"xa-blog-single\">\r\n                                                    <div class=\"xa-blog-single__thumb\">\r\n                                <a href=\"https:\/\/vivaipanconi.it\/en\/curiamoci-con-le-magnolie\/\">\r\n                                    <img decoding=\"async\" src=\"https:\/\/vivaipanconi.it\/wp-content\/uploads\/2025\/03\/persona-che-mette-le-erbe-del-te-un-primo-piano-della-teiera-683x1024.jpg\" alt=\"Let&#039;s take care of ourselves with Magnolias!\">\r\n                                <\/a>\r\n                            <\/div>\r\n                                                <div class=\"xa-blog-single__body\">\r\n                            <span class=\"xa-blog-single__date\">1 March 2025<\/span>\r\n                            <h4 class=\"xa-blog-single__title\"><a href=\"https:\/\/vivaipanconi.it\/en\/curiamoci-con-le-magnolie\/\">Let's take care of ourselves with Magnolias!<\/a><\/h4>\r\n                            <p class=\"xa-blog-single__text\">Let's heal ourselves with Magnolias: properties and uses in traditional medicine Magnolia is not only an ornamental plant of great charm: in traditional medicine<\/p>\r\n                            <div class=\"xa-blog-single__btn\">\r\n                                <a href=\"https:\/\/vivaipanconi.it\/en\/curiamoci-con-le-magnolie\/\"><i class=\"icofont-arrow-right\"><\/i>Read More<\/a>\r\n                            <\/div>\r\n                        <\/div>\r\n                    <\/div>\r\n                <\/div>\r\n            <\/div>\r\n                    <div class=\"col-xl-4 col-lg-6 col-md-6 col-12 xa-wrapper\">\r\n                <div class=\"blog__item sticky\">\r\n                    <div class=\"xa-blog-single\">\r\n                                                    <div class=\"xa-blog-single__thumb\">\r\n                                <a href=\"https:\/\/vivaipanconi.it\/en\/ditelo-con-un-fiore\/\">\r\n                                    <img decoding=\"async\" src=\"https:\/\/vivaipanconi.it\/wp-content\/uploads\/2025\/03\/nk-magnolias.jpg\" alt=\"Say it with a flower\">\r\n                                <\/a>\r\n                            <\/div>\r\n                                                <div class=\"xa-blog-single__body\">\r\n                            <span class=\"xa-blog-single__date\">1 March 2025<\/span>\r\n                            <h4 class=\"xa-blog-single__title\"><a href=\"https:\/\/vivaipanconi.it\/en\/ditelo-con-un-fiore\/\">Say it with a flower<\/a><\/h4>\r\n                            <p class=\"xa-blog-single__text\">Say it with a Magnolia: meaning, symbolism and curiosities In the language of flowers, the Magnolia has always been a symbol of beauty, purity and perseverance.<\/p>\r\n                            <div class=\"xa-blog-single__btn\">\r\n                                <a href=\"https:\/\/vivaipanconi.it\/en\/ditelo-con-un-fiore\/\"><i class=\"icofont-arrow-right\"><\/i>Read More<\/a>\r\n                            <\/div>\r\n                        <\/div>\r\n                    <\/div>\r\n                <\/div>\r\n            <\/div>\r\n        <\/div>\t\t\t\t<\/div>\n\t\t\t\t<\/div>\n\t\t\t\t<\/div>\n\t\t\t\t<\/div>","protected":false},"excerpt":{"rendered":"<p>1 Giugno 2025 Perch\u00e9 la Magnolia si chiama&#8230;.Magnolia? La Magnolia \u00e8 una delle piante ornamentali pi\u00f9 amate al mondo, simbolo di eleganza, longevit\u00e0 e bellezza senza tempo. Ma pochi conoscono la storia Read More 15 Maggio 2025 Perch\u00e9 la Magnolia Grandiflora si chiama &#8220;Gallissoniensis&#8221;? Il nome Gallissoniensis che accompagna una delle cultivar pi\u00f9 note della [&hellip;]<\/p>\n","protected":false},"author":1,"featured_media":0,"parent":0,"menu_order":0,"comment_status":"closed","ping_status":"closed","template":"","meta":{"footnotes":""},"class_list":["post-9802","page","type-page","status-publish","hentry"],"_links":{"self":[{"href":"https:\/\/vivaipanconi.it\/en\/wp-json\/wp\/v2\/pages\/9802","targetHints":{"allow":["GET"]}}],"collection":[{"href":"https:\/\/vivaipanconi.it\/en\/wp-json\/wp\/v2\/pages"}],"about":[{"href":"https:\/\/vivaipanconi.it\/en\/wp-json\/wp\/v2\/types\/page"}],"author":[{"embeddable":true,"href":"https:\/\/vivaipanconi.it\/en\/wp-json\/wp\/v2\/users\/1"}],"replies":[{"embeddable":true,"href":"https:\/\/vivaipanconi.it\/en\/wp-json\/wp\/v2\/comments?post=9802"}],"version-history":[{"count":6,"href":"https:\/\/vivaipanconi.it\/en\/wp-json\/wp\/v2\/pages\/9802\/revisions"}],"predecessor-version":[{"id":9808,"href":"https:\/\/vivaipanconi.it\/en\/wp-json\/wp\/v2\/pages\/9802\/revisions\/9808"}],"wp:attachment":[{"href":"https:\/\/vivaipanconi.it\/en\/wp-json\/wp\/v2\/media?parent=9802"}],"curies":[{"name":"wp","href":"https:\/\/api.w.org\/{rel}","templated":true}]}}